{"id":12252,"date":"2023-06-29T13:18:36","date_gmt":"2023-06-29T11:18:37","guid":{"rendered":"https:\/\/sotsiaaldisain.ee\/?post_type=product&#038;p=12252"},"modified":"2025-06-30T23:33:36","modified_gmt":"2025-06-30T21:33:36","slug":"contemplation-system-and-situation-cards-one-version","status":"publish","type":"product","link":"https:\/\/sotsiaaldisain.ee\/en\/toode\/contemplation-system-and-situation-cards-one-version\/","title":{"rendered":"Contemplation \u201cSystem and situation cards\u201d (one version)"},"content":{"rendered":"","protected":false},"excerpt":{"rendered":"<p><strong>Price includes VAT!<\/strong><\/p>\n<p>Human beings belong to different systems, be it a family, a community, a team, an organisation or society as a whole. A system is made up of components that influence each other, and a change in one part causes a change in the whole system.<\/p>\n<p>The maps were inspired by nature, which is infinitely varied, with so many different shades and colours, and unique. The landscape can be fertile as a rainforest, dry as a desert, icy as a polar region, dangerous as a volcanic area, and so on. The landscape motifs depicted on the maps can help to better understand what is happening in a team, a group or an individual&#8217;s life.<\/p>\n<p>As in nature, so in a system, different personalities, experiences, desires, needs, etc. influence the relationships between them. The landscape images are accompanied by various animal silhouettes that can be used to complement systems work, signifying interrelationships and positioning in the &#8216;systems landscape&#8217;.<\/p>\n<p><strong>The set is the first version. The package contains 50 landscape maps, 54 animal maps and some exercises. The box is in Russian.<\/strong><\/p>\n","protected":false},"featured_media":12258,"template":"","meta":{"_monsterinsights_skip_tracking":false,"_monsterinsights_sitenote_active":false,"_monsterinsights_sitenote_note":"","_monsterinsights_sitenote_category":0},"product_brand":[],"product_cat":[142],"product_tag":[],"class_list":{"0":"post-12252","1":"product","2":"type-product","3":"status-publish","4":"has-post-thumbnail","6":"product_cat-contemplation-cards","8":"first","9":"instock","10":"taxable","11":"shipping-taxable","12":"purchasable","13":"product-type-variable"},"yoast_head":"<!-- This site is optimized with the Yoast SEO Premium plugin v27.2 (Yoast SEO v27.2) - https:\/\/yoast.com\/product\/yoast-seo-premium-wordpress\/ -->\n<title>Contemplation \u201cSystem and situation cards\u201d (one version)<\/title>\n<meta name=\"description\" content=\"Inimene kuulub erinevatesse s\u00fcsteemidesse, olgu selleks siis perekond, kogukond, meeskond, organisatsioon v\u00f5i \u00fchiskond tervikuna. S\u00fcsteem koosneb kompo...\" \/>\n<meta name=\"robots\" content=\"index, follow, max-snippet:-1, max-image-preview:large, max-video-preview:-1\" \/>\n<link rel=\"canonical\" href=\"https:\/\/sotsiaaldisain.ee\/en\/toode\/contemplation-system-and-situation-cards-one-version\/\" \/>\n<meta property=\"og:locale\" content=\"en_US\" \/>\n<meta property=\"og:type\" content=\"article\" \/>\n<meta property=\"og:title\" content=\"Contemplation \u201cSystem and situation cards\u201d (one version)\" \/>\n<meta property=\"og:description\" content=\"Inimene kuulub erinevatesse s\u00fcsteemidesse, olgu selleks siis perekond, kogukond, meeskond, organisatsioon v\u00f5i \u00fchiskond tervikuna. S\u00fcsteem koosneb kompo...\" \/>\n<meta property=\"og:url\" content=\"https:\/\/sotsiaaldisain.ee\/en\/toode\/contemplation-system-and-situation-cards-one-version\/\" \/>\n<meta property=\"og:site_name\" content=\"Sotsiaaldisain\" \/>\n<meta property=\"article:modified_time\" content=\"2025-06-30T21:33:36+00:00\" \/>\n<meta property=\"og:image\" content=\"https:\/\/sotsiaaldisain.ee\/wp-content\/uploads\/2023\/06\/1-57.jpg\" \/>\n\t<meta property=\"og:image:width\" content=\"1000\" \/>\n\t<meta property=\"og:image:height\" content=\"1000\" \/>\n\t<meta property=\"og:image:type\" content=\"image\/jpeg\" \/>\n<meta name=\"twitter:card\" content=\"summary_large_image\" \/>\n<script type=\"application\/ld+json\" class=\"yoast-schema-graph\">{\"@context\":\"https:\/\/schema.org\",\"@graph\":[{\"@type\":\"WebPage\",\"@id\":\"https:\/\/sotsiaaldisain.ee\/en\/toode\/contemplation-system-and-situation-cards-one-version\/\",\"url\":\"https:\/\/sotsiaaldisain.ee\/en\/toode\/contemplation-system-and-situation-cards-one-version\/\",\"name\":\"Contemplation \u201cSystem and situation cards\u201d (one version)\",\"isPartOf\":{\"@id\":\"https:\/\/sotsiaaldisain.ee\/#website\"},\"primaryImageOfPage\":{\"@id\":\"https:\/\/sotsiaaldisain.ee\/en\/toode\/contemplation-system-and-situation-cards-one-version\/#primaryimage\"},\"image\":{\"@id\":\"https:\/\/sotsiaaldisain.ee\/en\/toode\/contemplation-system-and-situation-cards-one-version\/#primaryimage\"},\"thumbnailUrl\":\"https:\/\/sotsiaaldisain.ee\/wp-content\/uploads\/2023\/06\/1-57.jpg\",\"datePublished\":\"2023-06-29T11:18:37+00:00\",\"dateModified\":\"2025-06-30T21:33:36+00:00\",\"description\":\"Inimene kuulub erinevatesse s\u00fcsteemidesse, olgu selleks siis perekond, kogukond, meeskond, organisatsioon v\u00f5i \u00fchiskond tervikuna. S\u00fcsteem koosneb kompo...\",\"breadcrumb\":{\"@id\":\"https:\/\/sotsiaaldisain.ee\/en\/toode\/contemplation-system-and-situation-cards-one-version\/#breadcrumb\"},\"inLanguage\":\"en-US\",\"potentialAction\":[{\"@type\":\"ReadAction\",\"target\":[\"https:\/\/sotsiaaldisain.ee\/en\/toode\/contemplation-system-and-situation-cards-one-version\/\"]}]},{\"@type\":\"ImageObject\",\"inLanguage\":\"en-US\",\"@id\":\"https:\/\/sotsiaaldisain.ee\/en\/toode\/contemplation-system-and-situation-cards-one-version\/#primaryimage\",\"url\":\"https:\/\/sotsiaaldisain.ee\/wp-content\/uploads\/2023\/06\/1-57.jpg\",\"contentUrl\":\"https:\/\/sotsiaaldisain.ee\/wp-content\/uploads\/2023\/06\/1-57.jpg\",\"width\":1000,\"height\":1000},{\"@type\":\"BreadcrumbList\",\"@id\":\"https:\/\/sotsiaaldisain.ee\/en\/toode\/contemplation-system-and-situation-cards-one-version\/#breadcrumb\",\"itemListElement\":[{\"@type\":\"ListItem\",\"position\":1,\"name\":\"Home\",\"item\":\"https:\/\/sotsiaaldisain.ee\/en\/sotsiaaldisain\/\"},{\"@type\":\"ListItem\",\"position\":2,\"name\":\"Shop\",\"item\":\"https:\/\/sotsiaaldisain.ee\/en\/shop\/\"},{\"@type\":\"ListItem\",\"position\":3,\"name\":\"Contemplation \u201cSystem and situation cards\u201d (one version)\"}]},{\"@type\":\"WebSite\",\"@id\":\"https:\/\/sotsiaaldisain.ee\/#website\",\"url\":\"https:\/\/sotsiaaldisain.ee\/\",\"name\":\"Sotsiaaldisain\",\"description\":\"Supervision, coaching, metafoorkaardid -ja koolitused\",\"potentialAction\":[{\"@type\":\"SearchAction\",\"target\":{\"@type\":\"EntryPoint\",\"urlTemplate\":\"https:\/\/sotsiaaldisain.ee\/?s={search_term_string}\"},\"query-input\":{\"@type\":\"PropertyValueSpecification\",\"valueRequired\":true,\"valueName\":\"search_term_string\"}}],\"inLanguage\":\"en-US\"}]}<\/script>\n<!-- \/ Yoast SEO Premium plugin. -->","yoast_head_json":{"title":"Contemplation \u201cSystem and situation cards\u201d (one version)","description":"Inimene kuulub erinevatesse s\u00fcsteemidesse, olgu selleks siis perekond, kogukond, meeskond, organisatsioon v\u00f5i \u00fchiskond tervikuna. S\u00fcsteem koosneb kompo...","robots":{"index":"index","follow":"follow","max-snippet":"max-snippet:-1","max-image-preview":"max-image-preview:large","max-video-preview":"max-video-preview:-1"},"canonical":"https:\/\/sotsiaaldisain.ee\/en\/toode\/contemplation-system-and-situation-cards-one-version\/","og_locale":"en_US","og_type":"article","og_title":"Contemplation \u201cSystem and situation cards\u201d (one version)","og_description":"Inimene kuulub erinevatesse s\u00fcsteemidesse, olgu selleks siis perekond, kogukond, meeskond, organisatsioon v\u00f5i \u00fchiskond tervikuna. S\u00fcsteem koosneb kompo...","og_url":"https:\/\/sotsiaaldisain.ee\/en\/toode\/contemplation-system-and-situation-cards-one-version\/","og_site_name":"Sotsiaaldisain","article_modified_time":"2025-06-30T21:33:36+00:00","og_image":[{"width":1000,"height":1000,"url":"https:\/\/sotsiaaldisain.ee\/wp-content\/uploads\/2023\/06\/1-57.jpg","type":"image\/jpeg"}],"twitter_card":"summary_large_image","schema":{"@context":"https:\/\/schema.org","@graph":[{"@type":"WebPage","@id":"https:\/\/sotsiaaldisain.ee\/en\/toode\/contemplation-system-and-situation-cards-one-version\/","url":"https:\/\/sotsiaaldisain.ee\/en\/toode\/contemplation-system-and-situation-cards-one-version\/","name":"Contemplation \u201cSystem and situation cards\u201d (one version)","isPartOf":{"@id":"https:\/\/sotsiaaldisain.ee\/#website"},"primaryImageOfPage":{"@id":"https:\/\/sotsiaaldisain.ee\/en\/toode\/contemplation-system-and-situation-cards-one-version\/#primaryimage"},"image":{"@id":"https:\/\/sotsiaaldisain.ee\/en\/toode\/contemplation-system-and-situation-cards-one-version\/#primaryimage"},"thumbnailUrl":"https:\/\/sotsiaaldisain.ee\/wp-content\/uploads\/2023\/06\/1-57.jpg","datePublished":"2023-06-29T11:18:37+00:00","dateModified":"2025-06-30T21:33:36+00:00","description":"Inimene kuulub erinevatesse s\u00fcsteemidesse, olgu selleks siis perekond, kogukond, meeskond, organisatsioon v\u00f5i \u00fchiskond tervikuna. S\u00fcsteem koosneb kompo...","breadcrumb":{"@id":"https:\/\/sotsiaaldisain.ee\/en\/toode\/contemplation-system-and-situation-cards-one-version\/#breadcrumb"},"inLanguage":"en-US","potentialAction":[{"@type":"ReadAction","target":["https:\/\/sotsiaaldisain.ee\/en\/toode\/contemplation-system-and-situation-cards-one-version\/"]}]},{"@type":"ImageObject","inLanguage":"en-US","@id":"https:\/\/sotsiaaldisain.ee\/en\/toode\/contemplation-system-and-situation-cards-one-version\/#primaryimage","url":"https:\/\/sotsiaaldisain.ee\/wp-content\/uploads\/2023\/06\/1-57.jpg","contentUrl":"https:\/\/sotsiaaldisain.ee\/wp-content\/uploads\/2023\/06\/1-57.jpg","width":1000,"height":1000},{"@type":"BreadcrumbList","@id":"https:\/\/sotsiaaldisain.ee\/en\/toode\/contemplation-system-and-situation-cards-one-version\/#breadcrumb","itemListElement":[{"@type":"ListItem","position":1,"name":"Home","item":"https:\/\/sotsiaaldisain.ee\/en\/sotsiaaldisain\/"},{"@type":"ListItem","position":2,"name":"Shop","item":"https:\/\/sotsiaaldisain.ee\/en\/shop\/"},{"@type":"ListItem","position":3,"name":"Contemplation \u201cSystem and situation cards\u201d (one version)"}]},{"@type":"WebSite","@id":"https:\/\/sotsiaaldisain.ee\/#website","url":"https:\/\/sotsiaaldisain.ee\/","name":"Sotsiaaldisain","description":"Supervision, coaching, metafoorkaardid -ja koolitused","potentialAction":[{"@type":"SearchAction","target":{"@type":"EntryPoint","urlTemplate":"https:\/\/sotsiaaldisain.ee\/?s={search_term_string}"},"query-input":{"@type":"PropertyValueSpecification","valueRequired":true,"valueName":"search_term_string"}}],"inLanguage":"en-US"}]}},"_links":{"self":[{"href":"https:\/\/sotsiaaldisain.ee\/en\/wp-json\/wp\/v2\/product\/12252","targetHints":{"allow":["GET"]}}],"collection":[{"href":"https:\/\/sotsiaaldisain.ee\/en\/wp-json\/wp\/v2\/product"}],"about":[{"href":"https:\/\/sotsiaaldisain.ee\/en\/wp-json\/wp\/v2\/types\/product"}],"version-history":[{"count":1,"href":"https:\/\/sotsiaaldisain.ee\/en\/wp-json\/wp\/v2\/product\/12252\/revisions"}],"predecessor-version":[{"id":12268,"href":"https:\/\/sotsiaaldisain.ee\/en\/wp-json\/wp\/v2\/product\/12252\/revisions\/12268"}],"wp:featuredmedia":[{"embeddable":true,"href":"https:\/\/sotsiaaldisain.ee\/en\/wp-json\/wp\/v2\/media\/12258"}],"wp:attachment":[{"href":"https:\/\/sotsiaaldisain.ee\/en\/wp-json\/wp\/v2\/media?parent=12252"}],"wp:term":[{"taxonomy":"product_brand","embeddable":true,"href":"https:\/\/sotsiaaldisain.ee\/en\/wp-json\/wp\/v2\/product_brand?post=12252"},{"taxonomy":"product_cat","embeddable":true,"href":"https:\/\/sotsiaaldisain.ee\/en\/wp-json\/wp\/v2\/product_cat?post=12252"},{"taxonomy":"product_tag","embeddable":true,"href":"https:\/\/sotsiaaldisain.ee\/en\/wp-json\/wp\/v2\/product_tag?post=12252"}],"curies":[{"name":"wp","href":"https:\/\/api.w.org\/{rel}","templated":true}]}}